{"id":299,"date":"2022-08-12T08:22:10","date_gmt":"2022-08-12T08:22:10","guid":{"rendered":"https:\/\/ahojdrawsko.pl\/?page_id=299"},"modified":"2025-04-03T12:36:25","modified_gmt":"2025-04-03T12:36:25","slug":"fen","status":"publish","type":"page","link":"https:\/\/ahojdrawsko.pl\/index.php\/fen\/","title":{"rendered":"Fen"},"content":{"rendered":"<div class=\"kb-row-layout-wrap kb-row-layout-id299_9ddbe0-b3 alignfull kt-row-has-bg wp-block-kadence-rowlayout\"><div class=\"kt-row-layout-overlay kt-row-overlay-normal\"><\/div><div class=\"kt-row-column-wrap kt-has-1-columns kt-row-layout-equal kt-tab-layout-inherit kt-mobile-layout-row kt-row-valign-top\">\n\n<div class=\"wp-block-kadence-column kadence-column299_e32e85-e0 inner-column-1\"><div class=\"kt-inside-inner-col\">\n<h2 class=\"wp-block-heading has-text-align-center has-kb-palette-1-color has-text-color\" style=\"font-size:5em\">Antila 24 &#8211; &#8222;Fen&#8221;<\/h2>\n<\/div><\/div>\n\n<\/div><\/div>\n\n<div class=\"kb-row-layout-wrap kb-row-layout-id299_614554-47 alignnone wp-block-kadence-rowlayout\"><div class=\"kt-row-column-wrap kt-has-1-columns kt-row-layout-equal kt-tab-layout-inherit kt-mobile-layout-row kt-row-valign-top\">\n\n<div class=\"wp-block-kadence-column kadence-column299_15ad2f-b1 inner-column-1\"><div class=\"kt-inside-inner-col\">\n<h4 class=\"kt-adv-heading299_77f04d-99 wp-block-kadence-advancedheading\" data-kb-block=\"kb-adv-heading299_77f04d-99\">Kalendarz dost\u0119pno\u015bci jachtu.<\/h4>\n\n\n\n<iframe loading=\"lazy\" src=\"https:\/\/calendar.google.com\/calendar\/embed?height=600&amp;wkst=1&amp;bgcolor=%23ffffff&amp;ctz=Europe%2FWarsaw&amp;src=M2oxNGYxNHJibWNpdDgydm1hYzhxcDA2dXNAZ3JvdXAuY2FsZW5kYXIuZ29vZ2xlLmNvbQ&amp;color=%233F51B5\" style=\"border:solid 1px #777\" width=\"100%\" height=\"600\" frameborder=\"0\" scrolling=\"no\"><\/iframe>\n<\/div><\/div>\n\n<\/div><\/div>\n\n<div class=\"kb-row-layout-wrap kb-row-layout-id299_633f71-4d alignnone wp-block-kadence-rowlayout\"><div class=\"kt-row-column-wrap kt-has-2-columns kt-row-layout-equal kt-tab-layout-inherit kt-mobile-layout-row kt-row-valign-top\">\n\n<div class=\"wp-block-kadence-column kadence-column299_763236-42 inner-column-1\"><div class=\"kt-inside-inner-col\">\n<p><strong>Nieco starsza jednostka prowadz\u0105ca bardzo zdrowy tryb \u017cycia.&nbsp;<\/strong><\/p>\n\n\n\n<p>Wyposa\u017cenie:<\/p>\n\n\n\n<ul class=\"wp-block-list\">\n<li>fok na sztywnym sztagu z rollerem<\/li>\n\n\n\n<li>grot na w\u00f3zkach Ronstan w Lazy Jacku<\/li>\n\n\n\n<li>szybki ref<\/li>\n\n\n\n<li>silnik Mercury 5 KM ze \u015brub\u0105 uci\u0105gow\u0105<\/li>\n\n\n\n<li>radio w kabinie<\/li>\n\n\n\n<li>stolik w kokpicie<\/li>\n\n\n\n<li>4 koje (w tym dwie podw\u00f3jne)<\/li>\n\n\n\n<li>komplet \u015brodk\u00f3w ratunkowych dla 6 os\u00f3b<\/li>\n\n\n\n<li>kuchnia gazowa z kompletem naczy\u0144, kubk\u00f3w i sztu\u0107c\u00f3w<\/li>\n\n\n\n<li>lod\u00f3wka<\/li>\n\n\n\n<li>oddzielna \u0142azienka z WC chemicznym<\/li>\n<\/ul>\n\n\n\n<p>Cena wynajmu w sezonie letnim to 400 z\u0142 za dob\u0119, przy czym minimalna d\u0142ugo\u015b\u0107 czarteru to 3 dni \u2013 szczeg\u00f3\u0142y w zak\u0142adce\u00a0<a href=\"https:\/\/ahojdrawsko.pl\/index.php\/cennik\/\" data-type=\"link\" data-id=\"https:\/\/ahojdrawsko.pl\/index.php\/cennik\/\"><strong>Cennik<\/strong><\/a>.<\/p>\n\n\n\n<p><\/p>\n<\/div><\/div>\n\n\n\n<div class=\"wp-block-kadence-column kadence-column299_40d6ee-d1 inner-column-2\"><div class=\"kt-inside-inner-col\"><div class=\"kb-gallery-wrap-id-299_e9e8d9-15 alignnone wp-block-kadence-advancedgallery\"><div class=\"kb-gallery-ul kb-gallery-non-static kb-gallery-type-thumbslider kb-gallery-id-299_e9e8d9-15 kb-gallery-caption-style-bottom-hover kb-gallery-filter-none kb-gallery-magnific-init\" data-image-filter=\"none\" data-lightbox-caption=\"true\"><div class=\"kt-blocks-carousel kt-carousel-container-dotstyle-dark\"><div id=\"kb-slider-299_e9e8d9-15\" class=\"kt-blocks-carousel-init kb-blocks-slider kt-carousel-arrowstyle-whiteondark kt-carousel-dotstyle-dark kb-slider-group-arrow kb-slider-arrow-position-center\" data-columns-xxl=\"4\" data-columns-xl=\"4\" data-columns-md=\"4\" data-columns-sm=\"4\" data-columns-xs=\"4\" data-columns-ss=\"4\" data-slider-anim-speed=\"400\" data-slider-scroll=\"1\" data-slider-arrows=\"true\" data-slider-fade=\"true\" data-slider-dots=\"false\" data-slider-hover-pause=\"false\" data-slider-type=\"thumbnail\" data-slider-nav=\"kb-thumb-slider-299_e9e8d9-15\"  data-slider-auto=\"\" data-slider-speed=\"7000\" data-slider-gap=\"10px\" data-slider-gap-tablet=\"10px\" data-slider-gap-mobile=\"10px\" data-show-pause-button=\"false\"><li class=\"kb-slide-item kb-gallery-carousel-item\"><div class=\"kadence-blocks-gallery-item\"><div class=\"kadence-blocks-gallery-item-inner\"><figure class=\"kb-gallery-figure kb-gallery-item-has-link kadence-blocks-gallery-item-hide-caption\"><a href=\"https:\/\/ahojdrawsko.pl\/wp-content\/uploads\/2022\/08\/IMG_4208.jpg\" class=\"kb-gallery-item-link\"  ><div class=\"kb-gal-image-radius\"><div class=\"kb-gallery-image-contain kadence-blocks-gallery-intrinsic kb-gallery-image-ratio-land32 kb-has-image-ratio-land32\" ><img loading=\"lazy\" decoding=\"async\" src=\"https:\/\/ahojdrawsko.pl\/wp-content\/uploads\/2022\/08\/IMG_4208-768x1024.jpg\" width=\"768\" height=\"1024\" alt=\"\" data-full-image=\"https:\/\/ahojdrawsko.pl\/wp-content\/uploads\/2022\/08\/IMG_4208.jpg\" data-light-image=\"https:\/\/ahojdrawsko.pl\/wp-content\/uploads\/2022\/08\/IMG_4208.jpg\" data-id=\"308\" class=\"wp-image-308 skip-lazy\" srcset=\"https:\/\/ahojdrawsko.pl\/wp-content\/uploads\/2022\/08\/IMG_4208-768x1024.jpg 768w, https:\/\/ahojdrawsko.pl\/wp-content\/uploads\/2022\/08\/IMG_4208-225x300.jpg 225w, https:\/\/ahojdrawsko.pl\/wp-content\/uploads\/2022\/08\/IMG_4208-1152x1536.jpg 1152w, https:\/\/ahojdrawsko.pl\/wp-content\/uploads\/2022\/08\/IMG_4208.jpg 1500w\" sizes=\"auto, (max-width: 768px) 100vw, 768px\" \/><\/div><\/div><\/a><\/figure><\/div><\/div><\/li><li class=\"kb-slide-item kb-gallery-carousel-item\"><div class=\"kadence-blocks-gallery-item\"><div class=\"kadence-blocks-gallery-item-inner\"><figure class=\"kb-gallery-figure kb-gallery-item-has-link kadence-blocks-gallery-item-hide-caption\"><a href=\"https:\/\/ahojdrawsko.pl\/wp-content\/uploads\/2022\/08\/ED863C4A-94A9-4FC6-98E1-EEBDE9342CA1.jpg\" class=\"kb-gallery-item-link\"  ><div class=\"kb-gal-image-radius\"><div class=\"kb-gallery-image-contain kadence-blocks-gallery-intrinsic kb-gallery-image-ratio-land32 kb-has-image-ratio-land32\" ><img loading=\"lazy\" decoding=\"async\" src=\"https:\/\/ahojdrawsko.pl\/wp-content\/uploads\/2022\/08\/ED863C4A-94A9-4FC6-98E1-EEBDE9342CA1-1024x770.jpg\" width=\"1024\" height=\"770\" alt=\"\" data-full-image=\"https:\/\/ahojdrawsko.pl\/wp-content\/uploads\/2022\/08\/ED863C4A-94A9-4FC6-98E1-EEBDE9342CA1.jpg\" data-light-image=\"https:\/\/ahojdrawsko.pl\/wp-content\/uploads\/2022\/08\/ED863C4A-94A9-4FC6-98E1-EEBDE9342CA1.jpg\" data-id=\"304\" class=\"wp-image-304 skip-lazy\" srcset=\"https:\/\/ahojdrawsko.pl\/wp-content\/uploads\/2022\/08\/ED863C4A-94A9-4FC6-98E1-EEBDE9342CA1-1024x770.jpg 1024w, https:\/\/ahojdrawsko.pl\/wp-content\/uploads\/2022\/08\/ED863C4A-94A9-4FC6-98E1-EEBDE9342CA1-300x226.jpg 300w, https:\/\/ahojdrawsko.pl\/wp-content\/uploads\/2022\/08\/ED863C4A-94A9-4FC6-98E1-EEBDE9342CA1-768x578.jpg 768w, https:\/\/ahojdrawsko.pl\/wp-content\/uploads\/2022\/08\/ED863C4A-94A9-4FC6-98E1-EEBDE9342CA1-1536x1155.jpg 1536w, https:\/\/ahojdrawsko.pl\/wp-content\/uploads\/2022\/08\/ED863C4A-94A9-4FC6-98E1-EEBDE9342CA1.jpg 2000w\" sizes=\"auto, (max-width: 1024px) 100vw, 1024px\" \/><\/div><\/div><\/a><\/figure><\/div><\/div><\/li><li class=\"kb-slide-item kb-gallery-carousel-item\"><div class=\"kadence-blocks-gallery-item\"><div class=\"kadence-blocks-gallery-item-inner\"><figure class=\"kb-gallery-figure kb-gallery-item-has-link kadence-blocks-gallery-item-hide-caption\"><a href=\"https:\/\/ahojdrawsko.pl\/wp-content\/uploads\/2022\/08\/IMG_4126-2.jpg\" class=\"kb-gallery-item-link\"  ><div class=\"kb-gal-image-radius\"><div class=\"kb-gallery-image-contain kadence-blocks-gallery-intrinsic kb-gallery-image-ratio-land32 kb-has-image-ratio-land32\" ><img loading=\"lazy\" decoding=\"async\" src=\"https:\/\/ahojdrawsko.pl\/wp-content\/uploads\/2022\/08\/IMG_4126-2-1024x584.jpg\" width=\"1024\" height=\"584\" alt=\"\" data-full-image=\"https:\/\/ahojdrawsko.pl\/wp-content\/uploads\/2022\/08\/IMG_4126-2.jpg\" data-light-image=\"https:\/\/ahojdrawsko.pl\/wp-content\/uploads\/2022\/08\/IMG_4126-2.jpg\" data-id=\"305\" class=\"wp-image-305 skip-lazy\" srcset=\"https:\/\/ahojdrawsko.pl\/wp-content\/uploads\/2022\/08\/IMG_4126-2-1024x584.jpg 1024w, https:\/\/ahojdrawsko.pl\/wp-content\/uploads\/2022\/08\/IMG_4126-2-300x171.jpg 300w, https:\/\/ahojdrawsko.pl\/wp-content\/uploads\/2022\/08\/IMG_4126-2-768x438.jpg 768w, https:\/\/ahojdrawsko.pl\/wp-content\/uploads\/2022\/08\/IMG_4126-2-1536x876.jpg 1536w, https:\/\/ahojdrawsko.pl\/wp-content\/uploads\/2022\/08\/IMG_4126-2.jpg 2000w\" sizes=\"auto, (max-width: 1024px) 100vw, 1024px\" \/><\/div><\/div><\/a><\/figure><\/div><\/div><\/li><li class=\"kb-slide-item kb-gallery-carousel-item\"><div class=\"kadence-blocks-gallery-item\"><div class=\"kadence-blocks-gallery-item-inner\"><figure class=\"kb-gallery-figure kb-gallery-item-has-link kadence-blocks-gallery-item-hide-caption\"><a href=\"https:\/\/ahojdrawsko.pl\/wp-content\/uploads\/2022\/08\/IMG_4127-2.jpg\" class=\"kb-gallery-item-link\"  ><div class=\"kb-gal-image-radius\"><div class=\"kb-gallery-image-contain kadence-blocks-gallery-intrinsic kb-gallery-image-ratio-land32 kb-has-image-ratio-land32\" ><img loading=\"lazy\" decoding=\"async\" src=\"https:\/\/ahojdrawsko.pl\/wp-content\/uploads\/2022\/08\/IMG_4127-2-1024x768.jpg\" width=\"1024\" height=\"768\" alt=\"\" data-full-image=\"https:\/\/ahojdrawsko.pl\/wp-content\/uploads\/2022\/08\/IMG_4127-2.jpg\" data-light-image=\"https:\/\/ahojdrawsko.pl\/wp-content\/uploads\/2022\/08\/IMG_4127-2.jpg\" data-id=\"306\" class=\"wp-image-306 skip-lazy\" srcset=\"https:\/\/ahojdrawsko.pl\/wp-content\/uploads\/2022\/08\/IMG_4127-2-1024x768.jpg 1024w, https:\/\/ahojdrawsko.pl\/wp-content\/uploads\/2022\/08\/IMG_4127-2-300x225.jpg 300w, https:\/\/ahojdrawsko.pl\/wp-content\/uploads\/2022\/08\/IMG_4127-2-768x576.jpg 768w, https:\/\/ahojdrawsko.pl\/wp-content\/uploads\/2022\/08\/IMG_4127-2-1536x1152.jpg 1536w, https:\/\/ahojdrawsko.pl\/wp-content\/uploads\/2022\/08\/IMG_4127-2.jpg 2000w\" sizes=\"auto, (max-width: 1024px) 100vw, 1024px\" \/><\/div><\/div><\/a><\/figure><\/div><\/div><\/li><li class=\"kb-slide-item kb-gallery-carousel-item\"><div class=\"kadence-blocks-gallery-item\"><div class=\"kadence-blocks-gallery-item-inner\"><figure class=\"kb-gallery-figure kb-gallery-item-has-link kadence-blocks-gallery-item-hide-caption\"><a href=\"https:\/\/ahojdrawsko.pl\/wp-content\/uploads\/2022\/08\/IMG_4129-2.jpg\" class=\"kb-gallery-item-link\"  ><div class=\"kb-gal-image-radius\"><div class=\"kb-gallery-image-contain kadence-blocks-gallery-intrinsic kb-gallery-image-ratio-land32 kb-has-image-ratio-land32\" ><img loading=\"lazy\" decoding=\"async\" src=\"https:\/\/ahojdrawsko.pl\/wp-content\/uploads\/2022\/08\/IMG_4129-2-768x1024.jpg\" width=\"768\" height=\"1024\" alt=\"\" data-full-image=\"https:\/\/ahojdrawsko.pl\/wp-content\/uploads\/2022\/08\/IMG_4129-2.jpg\" data-light-image=\"https:\/\/ahojdrawsko.pl\/wp-content\/uploads\/2022\/08\/IMG_4129-2.jpg\" data-id=\"307\" class=\"wp-image-307 skip-lazy\" srcset=\"https:\/\/ahojdrawsko.pl\/wp-content\/uploads\/2022\/08\/IMG_4129-2-768x1024.jpg 768w, https:\/\/ahojdrawsko.pl\/wp-content\/uploads\/2022\/08\/IMG_4129-2-225x300.jpg 225w, https:\/\/ahojdrawsko.pl\/wp-content\/uploads\/2022\/08\/IMG_4129-2-1152x1536.jpg 1152w, https:\/\/ahojdrawsko.pl\/wp-content\/uploads\/2022\/08\/IMG_4129-2.jpg 1500w\" sizes=\"auto, (max-width: 768px) 100vw, 768px\" \/><\/div><\/div><\/a><\/figure><\/div><\/div><\/li><li class=\"kb-slide-item kb-gallery-carousel-item\"><div class=\"kadence-blocks-gallery-item\"><div class=\"kadence-blocks-gallery-item-inner\"><figure class=\"kb-gallery-figure kb-gallery-item-has-link kadence-blocks-gallery-item-hide-caption\"><a href=\"https:\/\/ahojdrawsko.pl\/wp-content\/uploads\/2022\/08\/IMG_4210.jpg\" class=\"kb-gallery-item-link\"  ><div class=\"kb-gal-image-radius\"><div class=\"kb-gallery-image-contain kadence-blocks-gallery-intrinsic kb-gallery-image-ratio-land32 kb-has-image-ratio-land32\" ><img loading=\"lazy\" decoding=\"async\" src=\"https:\/\/ahojdrawsko.pl\/wp-content\/uploads\/2022\/08\/IMG_4210-768x1024.jpg\" width=\"768\" height=\"1024\" alt=\"\" data-full-image=\"https:\/\/ahojdrawsko.pl\/wp-content\/uploads\/2022\/08\/IMG_4210.jpg\" data-light-image=\"https:\/\/ahojdrawsko.pl\/wp-content\/uploads\/2022\/08\/IMG_4210.jpg\" data-id=\"309\" class=\"wp-image-309 skip-lazy\" srcset=\"https:\/\/ahojdrawsko.pl\/wp-content\/uploads\/2022\/08\/IMG_4210-768x1024.jpg 768w, https:\/\/ahojdrawsko.pl\/wp-content\/uploads\/2022\/08\/IMG_4210-225x300.jpg 225w, https:\/\/ahojdrawsko.pl\/wp-content\/uploads\/2022\/08\/IMG_4210-1152x1536.jpg 1152w, https:\/\/ahojdrawsko.pl\/wp-content\/uploads\/2022\/08\/IMG_4210.jpg 1500w\" sizes=\"auto, (max-width: 768px) 100vw, 768px\" \/><\/div><\/div><\/a><\/figure><\/div><\/div><\/li><\/div><div id=\"kb-thumb-slider-299_e9e8d9-15\" class=\"kb-blocks-slider kt-carousel-arrowstyle-whiteondark kt-carousel-dotstyle-dark\" data-slider-anim-speed=\"400\" data-slider-scroll=\"1\" data-slider-arrows=\"true\" data-slider-fade=\"true\" data-slider-dots=\"false\" data-slider-hover-pause=\"false\" data-slider-speed=\"7000\" data-slider-type=\"thumbnail\" data-slider-nav=\"kb-slider-299_e9e8d9-15\"><li class=\"kb-slide-item kb-gallery-carousel-item\"><div class=\"kadence-blocks-gallery-thumb-item\"><div class=\"kadence-blocks-gallery-thumb-item-inner\"><figure class=\"kb-gallery-figure\"><div class=\"kb-gal-image-radius\"><div class=\"kb-gallery-image-contain kadence-blocks-gallery-intrinsic kb-gallery-image-ratio-land32 kb-has-image-ratio-land32\" ><img loading=\"lazy\" decoding=\"async\" src=\"https:\/\/ahojdrawsko.pl\/wp-content\/uploads\/2022\/08\/IMG_4208.jpg\" width=\"768\" height=\"1024\" alt=\"\" data-full-image=\"https:\/\/ahojdrawsko.pl\/wp-content\/uploads\/2022\/08\/IMG_4208.jpg\" data-light-image=\"https:\/\/ahojdrawsko.pl\/wp-content\/uploads\/2022\/08\/IMG_4208.jpg\" data-id=\"308\" class=\"wp-image-308 skip-lazy\" srcset=\"https:\/\/ahojdrawsko.pl\/wp-content\/uploads\/2022\/08\/IMG_4208.jpg 1500w, https:\/\/ahojdrawsko.pl\/wp-content\/uploads\/2022\/08\/IMG_4208-225x300.jpg 225w, https:\/\/ahojdrawsko.pl\/wp-content\/uploads\/2022\/08\/IMG_4208-768x1024.jpg 768w, https:\/\/ahojdrawsko.pl\/wp-content\/uploads\/2022\/08\/IMG_4208-1152x1536.jpg 1152w\" sizes=\"auto, (max-width: 768px) 100vw, 768px\" \/><\/div><\/div><\/figure><\/div><\/div><\/li><li class=\"kb-slide-item kb-gallery-carousel-item\"><div class=\"kadence-blocks-gallery-thumb-item\"><div class=\"kadence-blocks-gallery-thumb-item-inner\"><figure class=\"kb-gallery-figure\"><div class=\"kb-gal-image-radius\"><div class=\"kb-gallery-image-contain kadence-blocks-gallery-intrinsic kb-gallery-image-ratio-land32 kb-has-image-ratio-land32\" ><img loading=\"lazy\" decoding=\"async\" src=\"https:\/\/ahojdrawsko.pl\/wp-content\/uploads\/2022\/08\/ED863C4A-94A9-4FC6-98E1-EEBDE9342CA1.jpg\" width=\"1024\" height=\"770\" alt=\"\" data-full-image=\"https:\/\/ahojdrawsko.pl\/wp-content\/uploads\/2022\/08\/ED863C4A-94A9-4FC6-98E1-EEBDE9342CA1.jpg\" data-light-image=\"https:\/\/ahojdrawsko.pl\/wp-content\/uploads\/2022\/08\/ED863C4A-94A9-4FC6-98E1-EEBDE9342CA1.jpg\" data-id=\"304\" class=\"wp-image-304 skip-lazy\" srcset=\"https:\/\/ahojdrawsko.pl\/wp-content\/uploads\/2022\/08\/ED863C4A-94A9-4FC6-98E1-EEBDE9342CA1.jpg 2000w, https:\/\/ahojdrawsko.pl\/wp-content\/uploads\/2022\/08\/ED863C4A-94A9-4FC6-98E1-EEBDE9342CA1-300x226.jpg 300w, https:\/\/ahojdrawsko.pl\/wp-content\/uploads\/2022\/08\/ED863C4A-94A9-4FC6-98E1-EEBDE9342CA1-1024x770.jpg 1024w, https:\/\/ahojdrawsko.pl\/wp-content\/uploads\/2022\/08\/ED863C4A-94A9-4FC6-98E1-EEBDE9342CA1-768x578.jpg 768w, https:\/\/ahojdrawsko.pl\/wp-content\/uploads\/2022\/08\/ED863C4A-94A9-4FC6-98E1-EEBDE9342CA1-1536x1155.jpg 1536w\" sizes=\"auto, (max-width: 1024px) 100vw, 1024px\" \/><\/div><\/div><\/figure><\/div><\/div><\/li><li class=\"kb-slide-item kb-gallery-carousel-item\"><div class=\"kadence-blocks-gallery-thumb-item\"><div class=\"kadence-blocks-gallery-thumb-item-inner\"><figure class=\"kb-gallery-figure\"><div class=\"kb-gal-image-radius\"><div class=\"kb-gallery-image-contain kadence-blocks-gallery-intrinsic kb-gallery-image-ratio-land32 kb-has-image-ratio-land32\" ><img loading=\"lazy\" decoding=\"async\" src=\"https:\/\/ahojdrawsko.pl\/wp-content\/uploads\/2022\/08\/IMG_4126-2.jpg\" width=\"1024\" height=\"584\" alt=\"\" data-full-image=\"https:\/\/ahojdrawsko.pl\/wp-content\/uploads\/2022\/08\/IMG_4126-2.jpg\" data-light-image=\"https:\/\/ahojdrawsko.pl\/wp-content\/uploads\/2022\/08\/IMG_4126-2.jpg\" data-id=\"305\" class=\"wp-image-305 skip-lazy\" srcset=\"https:\/\/ahojdrawsko.pl\/wp-content\/uploads\/2022\/08\/IMG_4126-2.jpg 2000w, https:\/\/ahojdrawsko.pl\/wp-content\/uploads\/2022\/08\/IMG_4126-2-300x171.jpg 300w, https:\/\/ahojdrawsko.pl\/wp-content\/uploads\/2022\/08\/IMG_4126-2-1024x584.jpg 1024w, https:\/\/ahojdrawsko.pl\/wp-content\/uploads\/2022\/08\/IMG_4126-2-768x438.jpg 768w, https:\/\/ahojdrawsko.pl\/wp-content\/uploads\/2022\/08\/IMG_4126-2-1536x876.jpg 1536w\" sizes=\"auto, (max-width: 1024px) 100vw, 1024px\" \/><\/div><\/div><\/figure><\/div><\/div><\/li><li class=\"kb-slide-item kb-gallery-carousel-item\"><div class=\"kadence-blocks-gallery-thumb-item\"><div class=\"kadence-blocks-gallery-thumb-item-inner\"><figure class=\"kb-gallery-figure\"><div class=\"kb-gal-image-radius\"><div class=\"kb-gallery-image-contain kadence-blocks-gallery-intrinsic kb-gallery-image-ratio-land32 kb-has-image-ratio-land32\" ><img loading=\"lazy\" decoding=\"async\" src=\"https:\/\/ahojdrawsko.pl\/wp-content\/uploads\/2022\/08\/IMG_4127-2.jpg\" width=\"1024\" height=\"768\" alt=\"\" data-full-image=\"https:\/\/ahojdrawsko.pl\/wp-content\/uploads\/2022\/08\/IMG_4127-2.jpg\" data-light-image=\"https:\/\/ahojdrawsko.pl\/wp-content\/uploads\/2022\/08\/IMG_4127-2.jpg\" data-id=\"306\" class=\"wp-image-306 skip-lazy\" srcset=\"https:\/\/ahojdrawsko.pl\/wp-content\/uploads\/2022\/08\/IMG_4127-2.jpg 2000w, https:\/\/ahojdrawsko.pl\/wp-content\/uploads\/2022\/08\/IMG_4127-2-300x225.jpg 300w, https:\/\/ahojdrawsko.pl\/wp-content\/uploads\/2022\/08\/IMG_4127-2-1024x768.jpg 1024w, https:\/\/ahojdrawsko.pl\/wp-content\/uploads\/2022\/08\/IMG_4127-2-768x576.jpg 768w, https:\/\/ahojdrawsko.pl\/wp-content\/uploads\/2022\/08\/IMG_4127-2-1536x1152.jpg 1536w\" sizes=\"auto, (max-width: 1024px) 100vw, 1024px\" \/><\/div><\/div><\/figure><\/div><\/div><\/li><li class=\"kb-slide-item kb-gallery-carousel-item\"><div class=\"kadence-blocks-gallery-thumb-item\"><div class=\"kadence-blocks-gallery-thumb-item-inner\"><figure class=\"kb-gallery-figure\"><div class=\"kb-gal-image-radius\"><div class=\"kb-gallery-image-contain kadence-blocks-gallery-intrinsic kb-gallery-image-ratio-land32 kb-has-image-ratio-land32\" ><img loading=\"lazy\" decoding=\"async\" src=\"https:\/\/ahojdrawsko.pl\/wp-content\/uploads\/2022\/08\/IMG_4129-2.jpg\" width=\"768\" height=\"1024\" alt=\"\" data-full-image=\"https:\/\/ahojdrawsko.pl\/wp-content\/uploads\/2022\/08\/IMG_4129-2.jpg\" data-light-image=\"https:\/\/ahojdrawsko.pl\/wp-content\/uploads\/2022\/08\/IMG_4129-2.jpg\" data-id=\"307\" class=\"wp-image-307 skip-lazy\" srcset=\"https:\/\/ahojdrawsko.pl\/wp-content\/uploads\/2022\/08\/IMG_4129-2.jpg 1500w, https:\/\/ahojdrawsko.pl\/wp-content\/uploads\/2022\/08\/IMG_4129-2-225x300.jpg 225w, https:\/\/ahojdrawsko.pl\/wp-content\/uploads\/2022\/08\/IMG_4129-2-768x1024.jpg 768w, https:\/\/ahojdrawsko.pl\/wp-content\/uploads\/2022\/08\/IMG_4129-2-1152x1536.jpg 1152w\" sizes=\"auto, (max-width: 768px) 100vw, 768px\" \/><\/div><\/div><\/figure><\/div><\/div><\/li><li class=\"kb-slide-item kb-gallery-carousel-item\"><div class=\"kadence-blocks-gallery-thumb-item\"><div class=\"kadence-blocks-gallery-thumb-item-inner\"><figure class=\"kb-gallery-figure\"><div class=\"kb-gal-image-radius\"><div class=\"kb-gallery-image-contain kadence-blocks-gallery-intrinsic kb-gallery-image-ratio-land32 kb-has-image-ratio-land32\" ><img loading=\"lazy\" decoding=\"async\" src=\"https:\/\/ahojdrawsko.pl\/wp-content\/uploads\/2022\/08\/IMG_4210.jpg\" width=\"768\" height=\"1024\" alt=\"\" data-full-image=\"https:\/\/ahojdrawsko.pl\/wp-content\/uploads\/2022\/08\/IMG_4210.jpg\" data-light-image=\"https:\/\/ahojdrawsko.pl\/wp-content\/uploads\/2022\/08\/IMG_4210.jpg\" data-id=\"309\" class=\"wp-image-309 skip-lazy\" srcset=\"https:\/\/ahojdrawsko.pl\/wp-content\/uploads\/2022\/08\/IMG_4210.jpg 1500w, https:\/\/ahojdrawsko.pl\/wp-content\/uploads\/2022\/08\/IMG_4210-225x300.jpg 225w, https:\/\/ahojdrawsko.pl\/wp-content\/uploads\/2022\/08\/IMG_4210-768x1024.jpg 768w, https:\/\/ahojdrawsko.pl\/wp-content\/uploads\/2022\/08\/IMG_4210-1152x1536.jpg 1152w\" sizes=\"auto, (max-width: 768px) 100vw, 768px\" \/><\/div><\/div><\/figure><\/div><\/div><\/li><\/div><\/div><\/div><\/div><\/div><\/div>\n\n<\/div><\/div>\n\n\n<p><\/p>\n","protected":false},"excerpt":{"rendered":"<p>Antila 24 &#8211; &#8222;Fen&#8221; Kalendarz dost\u0119pno\u015bci jachtu. Nieco starsza jednostka prowadz\u0105ca bardzo zdrowy tryb \u017cycia.&nbsp; Wyposa\u017cenie: Cena wynajmu w sezonie letnim to 400 z\u0142 za dob\u0119, przy czym minimalna d\u0142ugo\u015b\u0107 czarteru to 3 dni \u2013 szczeg\u00f3\u0142y w zak\u0142adce\u00a0Cennik.<\/p>\n","protected":false},"author":1,"featured_media":0,"parent":0,"menu_order":0,"comment_status":"closed","ping_status":"closed","template":"","meta":{"inline_featured_image":false,"_kad_blocks_custom_css":"","_kad_blocks_head_custom_js":"","_kad_blocks_body_custom_js":"","_kad_blocks_footer_custom_js":"","_kadence_starter_templates_imported_post":false,"footnotes":""},"class_list":["post-299","page","type-page","status-publish","hentry"],"featured_image_src_large":false,"author_info":{"display_name":"admin","author_link":"https:\/\/ahojdrawsko.pl\/index.php\/author\/admin\/"},"comment_info":0,"taxonomy_info":[],"_links":{"self":[{"href":"https:\/\/ahojdrawsko.pl\/index.php\/wp-json\/wp\/v2\/pages\/299","targetHints":{"allow":["GET"]}}],"collection":[{"href":"https:\/\/ahojdrawsko.pl\/index.php\/wp-json\/wp\/v2\/pages"}],"about":[{"href":"https:\/\/ahojdrawsko.pl\/index.php\/wp-json\/wp\/v2\/types\/page"}],"author":[{"embeddable":true,"href":"https:\/\/ahojdrawsko.pl\/index.php\/wp-json\/wp\/v2\/users\/1"}],"replies":[{"embeddable":true,"href":"https:\/\/ahojdrawsko.pl\/index.php\/wp-json\/wp\/v2\/comments?post=299"}],"version-history":[{"count":19,"href":"https:\/\/ahojdrawsko.pl\/index.php\/wp-json\/wp\/v2\/pages\/299\/revisions"}],"predecessor-version":[{"id":655,"href":"https:\/\/ahojdrawsko.pl\/index.php\/wp-json\/wp\/v2\/pages\/299\/revisions\/655"}],"wp:attachment":[{"href":"https:\/\/ahojdrawsko.pl\/index.php\/wp-json\/wp\/v2\/media?parent=299"}],"curies":[{"name":"wp","href":"https:\/\/api.w.org\/{rel}","templated":true}]}}