{"id":413,"date":"2022-08-23T18:05:18","date_gmt":"2022-08-23T18:05:18","guid":{"rendered":"https:\/\/ahojdrawsko.pl\/?page_id=413"},"modified":"2025-11-04T10:54:53","modified_gmt":"2025-11-04T10:54:53","slug":"regulamin","status":"publish","type":"page","link":"https:\/\/ahojdrawsko.pl\/index.php\/regulamin\/","title":{"rendered":"Regulamin"},"content":{"rendered":"<div class=\"kb-row-layout-wrap kb-row-layout-id413_632d12-e5 alignnone wp-block-kadence-rowlayout\"><div class=\"kt-row-column-wrap kt-has-1-columns kt-row-layout-equal kt-tab-layout-inherit kt-mobile-layout-row kt-row-valign-top\">\n\n<div class=\"wp-block-kadence-column kadence-column413_746931-aa inner-column-1\"><div class=\"kt-inside-inner-col\">\n<p>1. Czartery rozpoczynaj\u0105 si\u0119 i ko\u0144cz\u0105 przy kei \u201eFolwarku na P\u00f3\u0142wyspie\u201d, na p\u00f3\u0142wyspie Uraz nad jeziorem Drawsko.<\/p>\n\n\n\n<p>2. Jachty wydawane s\u0105 od godz. 1600\u00a0pierwszego dnia czarteru a zdawane do godz. 1000\u00a0ostatniego dnia czarteru lub po wcze\u015bniejszym uzgodnieniu, w innych ramach czasowych. Weekend Bo\u017cego Cia\u0142a rozpoczynamy w \u015brod\u0119 o 1600 i ko\u0144czymy w niedziel\u0119 o 1600.<\/p>\n\n\n\n<p>3. W okresie&nbsp;<strong>od 27.06 do 21.08.2025<\/strong>&nbsp;wypo\u017cyczamy jachty na co najmniej trzy doby. Inne terminy po uzgodnieniu telefonicznym.<\/p>\n\n\n\n<p>4. Rezerwacja jachtu nast\u0119puje po podpisaniu przez obie strony Umowy Czarterowej (forma elektroniczna \u2013 skan lub zdj\u0119cie przes\u0142ane mailem) oraz wp\u0142aceniu zadatku w wysoko\u015bci 30% op\u0142aty za czarter<\/p>\n\n\n\n<p>5. W przypadku rezygnacji z czarteru Czarteruj\u0105cy ponosi nast\u0119puj\u0105ce koszty:<br>&#8211; 50% warto\u015bci zadatku &#8211; gdy rezygnacja nast\u0119puje nie p\u00f3\u017cniej ni\u017c 14 dni przed rozpocz\u0119ciem czarteru.<br>&#8211; 100% warto\u015bci zadatku &#8211; gdy rezygnacja nast\u0119puje p\u00f3\u017cniej ni\u017c 14 dni przed rozpocz\u0119ciem czarteru.<\/p>\n\n\n\n<p>6. Jacht wyp\u0142ywaj\u0105cy w czarter otrzymuje w cenie czarteru:<br>&#8211; nape\u0142nione butle z gazem:<br>11 kg &#8211; Antila 24.4<br>2\u00d72 kg &#8211; Antila 24<br>&#8211; nape\u0142nione zbiorniki z wod\u0105<br>&#8211; na\u0142adowane akumulatory<br>&#8211; pe\u0142ny bak silnika plus 5 litr\u00f3w rezerwy paliwa<\/p>\n\n\n\n<p>7. Jacht wyp\u0142ywaj\u0105cy w czarter jest wysprz\u0105tany oraz sprawny technicznie. Czarteruj\u0105cy zobowi\u0105zany jest dba\u0107 o dobry stan techniczny jachtu i utrzymywa\u0107 go w czysto\u015bci.<\/p>\n\n\n\n<p>8. Na czas czarteru pobierana jest kaucja zwrotna w wysoko\u015bci 1000 z\u0142<\/p>\n\n\n\n<p>9. Op\u0142ata za sprz\u0105tanie jachtu jest obligatoryjna i wynosi&nbsp;<strong>100 z\u0142<\/strong>. Pozostawienie nieczysto\u015bci w WC chemicznym skutkuje op\u0142at\u0105 w wysoko\u015bci&nbsp;<strong>150 z\u0142<\/strong>. Wymienione op\u0142aty pobierane s\u0105 z kaucji.<\/p>\n\n\n\n<p>10. Jachty s\u0105 ubezpieczone w zakresie OC, AC i NNW, bez wzgl\u0119du na to jednak Czarteruj\u0105cy zobowi\u0105zuje si\u0119 eksploatowa\u0107 powierzony mu jacht zgodnie z obowi\u0105zuj\u0105cymi przepisami, danymi zawartymi w dokumencie jachtu, dobr\u0105 praktyk\u0105 \u017ceglarsk\u0105 oraz wytycznymi Armatora zawartymi w regulaminie.<\/p>\n\n\n\n<p>11. Czarteruj\u0105cy zobowi\u0105zuje si\u0119 do prowadzenia jachtu w stanie trze\u017awym i zgodnie z obowi\u0105zuj\u0105cym przepisami o \u017cegludze \u015br\u00f3dl\u0105dowej. Czarteruj\u0105cy zobowi\u0105zuje si\u0119 do monitorowania prognoz pogody podczas trwania umowy czarterowej i nie wyp\u0142ywania z portu przy sile wiatru &gt;=6 w skali Beauforta zgodnie z kategori\u0105 projektow\u0105 C. Czarteruj\u0105cy odpowiada w pe\u0142nym zakresie za bezpiecze\u0144stwo swoje oraz os\u00f3b (za\u0142ogi) wsp\u00f3lnie korzystaj\u0105cych z jachtu. O\u015bwiadczaj\u0105c jednocze\u015bnie, i\u017c zobowi\u0105\u017ce za\u0142ogant\u00f3w do noszenia, w czasie przebywania na jachcie, kamizelek bezpiecze\u0144stwa dostarczonych przez Armatora lub w\u0142asnych odpowiadaj\u0105cych wadze i odpowiednim normom. Czarteruj\u0105cy przeszkoli r\u00f3wnie\u017c za\u0142og\u0119 w zakresie bezpiecznego u\u017cytkowania jachtu oraz zasad bezpiecze\u0144stwa podczas ewentualnej ewakuacji oraz innych nie przewidzianych sytuacji zagra\u017caj\u0105cych \u017cyciu i zdrowiu za\u0142ogi.<\/p>\n\n\n\n<p>12. Dokumenty niezb\u0119dne do zaokr\u0119towania: dow\u00f3d osobisty, patent \u017ceglarza jachtowego, umowa najmu jachtu.&nbsp;<strong>Nie wynajmujemy naszych jacht\u00f3w osobom nie posiadaj\u0105cym uprawnie\u0144.<\/strong><\/p>\n\n\n\n<p>13. Wydanie jachtu nast\u0119puje po okazaniu wy\u017cej wymienionych dokument\u00f3w, dokonaniu op\u0142aty za ca\u0142o\u015b\u0107 czarteru oraz wp\u0142aceniu kaucji<\/p>\n\n\n\n<p>14. Ze wzgl\u0119d\u00f3w zdrowotnych wszystkich u\u017cytkownik\u00f3w jacht\u00f3w zabronione jest zabieranie na jacht zwierz\u0105t.<\/p>\n\n\n\n<p>15. Maksymalna ilo\u015b\u0107 za\u0142ogi na jachcie to 6 os\u00f3b. <\/p>\n\n\n\n<p><\/p>\n<\/div><\/div>\n\n<\/div><\/div>","protected":false},"excerpt":{"rendered":"<p>1. Czartery rozpoczynaj\u0105 si\u0119 i ko\u0144cz\u0105 przy kei \u201eFolwarku na P\u00f3\u0142wyspie\u201d, na p\u00f3\u0142wyspie Uraz nad jeziorem Drawsko. 2. Jachty wydawane s\u0105 od godz. 1600\u00a0pierwszego dnia czarteru a zdawane do godz. 1000\u00a0ostatniego dnia czarteru lub po wcze\u015bniejszym uzgodnieniu, w innych ramach czasowych. Weekend Bo\u017cego Cia\u0142a rozpoczynamy w \u015brod\u0119 o 1600 i ko\u0144czymy w niedziel\u0119 o 1600. [&hellip;]<\/p>\n","protected":false},"author":1,"featured_media":0,"parent":0,"menu_order":0,"comment_status":"closed","ping_status":"closed","template":"wp-custom-template-wpis-na-blogu","meta":{"inline_featured_image":false,"_kad_blocks_custom_css":"","_kad_blocks_head_custom_js":"","_kad_blocks_body_custom_js":"","_kad_blocks_footer_custom_js":"","_kadence_starter_templates_imported_post":false,"footnotes":""},"class_list":["post-413","page","type-page","status-publish","hentry"],"featured_image_src_large":false,"author_info":{"display_name":"admin","author_link":"https:\/\/ahojdrawsko.pl\/index.php\/author\/admin\/"},"comment_info":0,"taxonomy_info":[],"_links":{"self":[{"href":"https:\/\/ahojdrawsko.pl\/index.php\/wp-json\/wp\/v2\/pages\/413","targetHints":{"allow":["GET"]}}],"collection":[{"href":"https:\/\/ahojdrawsko.pl\/index.php\/wp-json\/wp\/v2\/pages"}],"about":[{"href":"https:\/\/ahojdrawsko.pl\/index.php\/wp-json\/wp\/v2\/types\/page"}],"author":[{"embeddable":true,"href":"https:\/\/ahojdrawsko.pl\/index.php\/wp-json\/wp\/v2\/users\/1"}],"replies":[{"embeddable":true,"href":"https:\/\/ahojdrawsko.pl\/index.php\/wp-json\/wp\/v2\/comments?post=413"}],"version-history":[{"count":9,"href":"https:\/\/ahojdrawsko.pl\/index.php\/wp-json\/wp\/v2\/pages\/413\/revisions"}],"predecessor-version":[{"id":659,"href":"https:\/\/ahojdrawsko.pl\/index.php\/wp-json\/wp\/v2\/pages\/413\/revisions\/659"}],"wp:attachment":[{"href":"https:\/\/ahojdrawsko.pl\/index.php\/wp-json\/wp\/v2\/media?parent=413"}],"curies":[{"name":"wp","href":"https:\/\/api.w.org\/{rel}","templated":true}]}}