
    {"id":477,"date":"2022-09-06T06:54:18","date_gmt":"2022-09-06T06:54:18","guid":{"rendered":"https:\/\/ahojdrawsko.pl\/?page_id=477"},"modified":"2022-09-20T09:09:53","modified_gmt":"2022-09-20T09:09:53","slug":"folwark-uraz","status":"publish","type":"page","link":"https:\/\/ahojdrawsko.pl\/index.php\/folwark-uraz\/","title":{"rendered":"Folwark Uraz"},"content":{"rendered":"\n<div class=\"wp-block-kadence-rowlayout alignnone\"><div id=\"kt-layout-id_f99fe9-4b\" class=\"kt-row-layout-inner kt-layout-id_f99fe9-4b\"><div class=\"kt-row-column-wrap kt-has-1-columns kt-gutter-default kt-v-gutter-default kt-row-valign-top kt-row-layout-equal kt-tab-layout-inherit kt-m-colapse-left-to-right kt-mobile-layout-row\">\n<div class=\"wp-block-kadence-column inner-column-1 kadence-column_c8aa46-37\"><div class=\"kt-inside-inner-col\">\n<div class=\"wp-block-kadence-rowlayout alignnone\"><div id=\"kt-layout-id_ee37f6-fc\" class=\"kt-row-layout-inner kt-layout-id_ee37f6-fc\"><div class=\"kt-row-column-wrap kt-has-2-columns kt-gutter-default kt-v-gutter-default kt-row-valign-top kt-row-layout-equal kt-tab-layout-inherit kt-m-colapse-left-to-right kt-mobile-layout-row  kt-custom-first-width-60  kt-custom-second-width-40\">\n<div class=\"wp-block-kadence-column inner-column-1 kadence-column_192955-8c\"><div class=\"kt-inside-inner-col\">\n<p class=\"wp-embed-aspect-16-9 wp-has-aspect-ratio\">Nasze jednostki cumujemy na przystani w Folwarku na P\u00f3\u0142wyspie. To resort zlokalizowany w p\u00f3\u0142nocnej cz\u0119\u015bci jeziora Drawsko. Przepi\u0119kna okolica i wspania\u0142e miejsce do komfortowego wypoczynku na \u0142onie natury. Miejsce to jest laureatem Konkursu na Najlepszego Us\u0142ugodawc\u0119 Bran\u017cy Turystycznej z terenu Pojezierza Drawskiego organizowanego przez Stowarzyszenie Gmin i Powiat\u00f3w Pojezierza Drawskiego. <strong>Miesi\u0119cznik \u201ePodr\u00f3\u017ce\u201d, poleca pobyt tutaj w kategorii: Pomys\u0142 na urlop z dzie\u0107mi \u2013 \u201e19 pomys\u0142\u00f3w na rodzinne wakacje w Europie\u201d<\/strong> <strong>a w 2022 otrzyma\u0142o r\u00f3wnie\u017c rekomendacj\u0119 portalu Dzieciochatki jako miejsce przyjazne dzieciom.<\/strong><\/p>\n\n\n\n<p class=\"wp-embed-aspect-16-9 wp-has-aspect-ratio\">Folwark na P\u00f3\u0142wyspie to wspania\u0142e miejsce na wypoczynek dla os\u00f3b w ka\u017cdym wieku. Po\u0142o\u017cenie w centrum Pojezierza Drawskiego zapewnia niepowtarzalny kontakt z natur\u0105 r\u00f3wnie\u017c po sezonie.<\/p>\n\n\n\n<p class=\"wp-embed-aspect-16-9 wp-has-aspect-ratio\">W Folwarku znajduje si\u0119 r\u00f3wnie\u017c pole namiotowe i miejsce dla kamper\u00f3w. Nie wa\u017cne jaki rodzaj wypoczynku preferujesz znajdziesz tam na pewno to czego szukasz.<\/p>\n<\/div><\/div>\n\n\n\n<div class=\"wp-block-kadence-column inner-column-2 kadence-column_22c138-ae\"><div class=\"kt-inside-inner-col\"><div class=\"wp-block-panorama-image-360\" id='bBlocksImage360Viewer-1' data-attributes='{&quot;imageUrl&quot;:&quot;https:\\\/\\\/ahojdrawsko.pl\\\/wp-content\\\/uploads\\\/2022\\\/09\\\/unnamed-scaled.jpg&quot;,&quot;options&quot;:{&quot;isRotate&quot;:true,&quot;autoRotateSpeed&quot;:&quot;2&quot;,&quot;autoRotateInactivityDelay&quot;:3000,&quot;hideDefaultCtrl&quot;:false,&quot;initialView&quot;:false,&quot;initialViewPosition&quot;:{&quot;pitch&quot;:2.3,&quot;yaw&quot;:-360.4,&quot;hfov&quot;:120},&quot;autoLoad&quot;:true,&quot;draggable&quot;:true,&quot;compass&quot;:false,&quot;titleAuthor&quot;:true,&quot;title&quot;:&quot;360\\u00b0 Panorama&quot;,&quot;author&quot;:&quot;&lt;a href=\\&quot;https:\\\/\\\/bplugins.com\\\/\\&quot;&gt;bPlugins&lt;\\\/a&gt;&quot;,&quot;mouseZoom&quot;:true,&quot;disableKeyboardCtrl&quot;:false,&quot;doubleClickZoom&quot;:true,&quot;isByline&quot;:true},&quot;customControl&quot;:false,&quot;layout&quot;:{&quot;alignSl&quot;:{&quot;desktop&quot;:&quot;center&quot;,&quot;tablet&quot;:&quot;center&quot;,&quot;mobile&quot;:&quot;center&quot;},&quot;width&quot;:{&quot;desktop&quot;:&quot;100%&quot;,&quot;tablet&quot;:&quot;100%&quot;,&quot;mobile&quot;:&quot;100%&quot;},&quot;height&quot;:{&quot;desktop&quot;:&quot;320px&quot;,&quot;tablet&quot;:&quot;320px&quot;,&quot;mobile&quot;:&quot;320px&quot;}}}'><\/div>\n<\/div><\/div>\n<\/div><\/div><\/div>\n\n\n\n<figure class=\"wp-block-embed is-type-video is-provider-youtube wp-block-embed-youtube wp-embed-aspect-16-9 wp-has-aspect-ratio\"><div class=\"wp-block-embed__wrapper\">\n<iframe loading=\"lazy\" title=\"Folwark na P\u00f3\u0142wyspie - lecimy z ko\u0144ca p\u00f3\u0142wyspu do o\u015brodka ;)\" width=\"500\" height=\"281\" src=\"https:\/\/www.youtube.com\/embed\/nzqb0NgaCAE?feature=oembed\" frameborder=\"0\" allow=\"accelerometer; autoplay; clipboard-write; encrypted-media; gyroscope; picture-in-picture; web-share\" referrerpolicy=\"strict-origin-when-cross-origin\" allowfullscreen><\/iframe>\n<\/div><\/figure>\n<\/div><\/div>\n<\/div><\/div><\/div>\n","protected":false},"excerpt":{"rendered":"<p>Nasze jednostki cumujemy na przystani w Folwarku na P\u00f3\u0142wyspie. To resort zlokalizowany w p\u00f3\u0142nocnej cz\u0119\u015bci jeziora Drawsko. Przepi\u0119kna okolica i wspania\u0142e miejsce do komfortowego wypoczynku na \u0142onie natury. Miejsce to jest laureatem Konkursu na Najlepszego Us\u0142ugodawc\u0119 Bran\u017cy Turystycznej z terenu Pojezierza Drawskiego organizowanego przez Stowarzyszenie Gmin i Powiat\u00f3w Pojezierza Drawskiego. Miesi\u0119cznik \u201ePodr\u00f3\u017ce\u201d, poleca pobyt tutaj [&hellip;]<\/p>\n","protected":false},"author":1,"featured_media":0,"parent":0,"menu_order":0,"comment_status":"closed","ping_status":"closed","template":"wp-custom-template-wpis-na-blogu","meta":{"inline_featured_image":false,"_kad_blocks_custom_css":"","_kad_blocks_head_custom_js":"","_kad_blocks_body_custom_js":"","_kad_blocks_footer_custom_js":"","_kadence_starter_templates_imported_post":false,"footnotes":""},"class_list":["post-477","page","type-page","status-publish","hentry"],"featured_image_src_large":false,"author_info":{"display_name":"admin","author_link":"https:\/\/ahojdrawsko.pl\/index.php\/author\/admin\/"},"comment_info":0,"taxonomy_info":[],"_links":{"self":[{"href":"https:\/\/ahojdrawsko.pl\/index.php\/wp-json\/wp\/v2\/pages\/477","targetHints":{"allow":["GET"]}}],"collection":[{"href":"https:\/\/ahojdrawsko.pl\/index.php\/wp-json\/wp\/v2\/pages"}],"about":[{"href":"https:\/\/ahojdrawsko.pl\/index.php\/wp-json\/wp\/v2\/types\/page"}],"author":[{"embeddable":true,"href":"https:\/\/ahojdrawsko.pl\/index.php\/wp-json\/wp\/v2\/users\/1"}],"replies":[{"embeddable":true,"href":"https:\/\/ahojdrawsko.pl\/index.php\/wp-json\/wp\/v2\/comments?post=477"}],"version-history":[{"count":11,"href":"https:\/\/ahojdrawsko.pl\/index.php\/wp-json\/wp\/v2\/pages\/477\/revisions"}],"predecessor-version":[{"id":603,"href":"https:\/\/ahojdrawsko.pl\/index.php\/wp-json\/wp\/v2\/pages\/477\/revisions\/603"}],"wp:attachment":[{"href":"https:\/\/ahojdrawsko.pl\/index.php\/wp-json\/wp\/v2\/media?parent=477"}],"curies":[{"name":"wp","href":"https:\/\/api.w.org\/{rel}","templated":true}]}}