{"id":580,"date":"2022-09-12T10:45:32","date_gmt":"2022-09-12T10:45:32","guid":{"rendered":"https:\/\/ahojdrawsko.pl\/?page_id=580"},"modified":"2025-04-03T10:40:06","modified_gmt":"2025-04-03T10:40:06","slug":"cennik","status":"publish","type":"page","link":"https:\/\/ahojdrawsko.pl\/index.php\/cennik\/","title":{"rendered":"Cennik"},"content":{"rendered":"\n<p>(WYNAJEM NA MINIMUM TRZY DOBY, PRZED SEZONEM PRZYJMUJEMY TYLKO REZERWACJE CA\u0141OTYGODNIOWE)<\/p>\n\n\n<div class=\"kb-row-layout-wrap kb-row-layout-id580_f4622b-b5 alignnone wp-block-kadence-rowlayout\"><div class=\"kt-row-column-wrap kt-has-2-columns kt-row-layout-equal kt-tab-layout-inherit kt-mobile-layout-row kt-row-valign-top\">\n\n<div class=\"wp-block-kadence-column kadence-column580_9ebc6f-9e inner-column-1\"><div class=\"kt-inside-inner-col\">\n<h4 class=\"wp-block-heading\">27.06 &#8211; 31.08.25<\/h4>\n\n\n\n<p>Antila 24 &#8211; 400 z\u0142 \/ doba<\/p>\n\n\n\n<p>Antila 24.4 &#8211; 450 z\u0142 \/ doba<\/p>\n<\/div><\/div>\n\n\n\n<div class=\"wp-block-kadence-column kadence-column580_f1c242-b7\"><div class=\"kt-inside-inner-col\">\n<h4 class=\"wp-block-heading\">18.06 &#8211; 22.06.25 (Bo\u017ce Cia\u0142o)<\/h4>\n\n\n\n<p>Antila 24 &#8211; 1600 z\u0142<\/p>\n\n\n\n<p>Antila 24.4 &#8211; 2000 z\u0142<\/p>\n<\/div><\/div>\n\n<\/div><\/div>\n\n\n<hr class=\"wp-block-separator has-text-color has-tertiary-color has-alpha-channel-opacity has-tertiary-background-color has-background is-style-wide\"\/>\n\n\n<div class=\"kb-row-layout-wrap kb-row-layout-id580_e91894-9a alignnone wp-block-kadence-rowlayout\"><div class=\"kt-row-column-wrap kt-has-2-columns kt-row-layout-equal kt-tab-layout-inherit kt-mobile-layout-row kt-row-valign-top\">\n\n<div class=\"wp-block-kadence-column kadence-column580_c6de5f-a2 inner-column-1\"><div class=\"kt-inside-inner-col\">\n<p><strong>W cenie czarteru otrzymujecie Pa\u0144stwo:<\/strong><\/p>\n\n\n\n<ul class=\"wp-block-list\">\n<li>wysprz\u0105tany, sprawny technicznie i gotowy do \u017ceglugi jacht<\/li>\n\n\n\n<li>5 l paliwa do silnika<\/li>\n\n\n\n<li>nabite butle gazowe<\/li>\n\n\n\n<li>na\u0142adowane akumulatory<\/li>\n\n\n\n<li>zatankowane zbiorniki wody pitnej.<\/li>\n<\/ul>\n<\/div><\/div>\n\n\n\n<div class=\"wp-block-kadence-column kadence-column580_6eecbe-5c inner-column-2\"><div class=\"kt-inside-inner-col\">\n<p><strong>Op\u0142aty dodatkowe:<\/strong><\/p>\n\n\n\n<ul class=\"wp-block-list\">\n<li>1000 z\u0142 &#8211; kaucja zwrotna<\/li>\n\n\n\n<li>100 z\u0142 &#8211; op\u0142ata za sprz\u0105tanie jachtu (op\u0142ata obowi\u0105zkowa)<\/li>\n\n\n\n<li>150 z\u0142 &#8211; op\u0142ata za sprz\u0105tanie WC chemicznego (wg. potrzeb)<\/li>\n<\/ul>\n\n\n\n<p><\/p>\n\n\n\n<p>Pobyt przy kei Folwarku na P\u00f3\u0142wyspie w cenie 35 z\u0142 za osob\u0119 \/ doba (pobyt nale\u017cy zg\u0142osi\u0107 w Recepcji Folwarku i tam te\u017c\u00a0ui\u015bci\u0107\u00a0stosown\u0105 op\u0142at\u0119). W tej cenie otrzymuj\u0105 Pa\u0144stwo miejsce przy kei, wod\u0119, pr\u0105d, WC z natryskiem oraz dost\u0119p do atrakcji Folwarku.<\/p>\n\n\n\n<p>Parkowanie samochodu na terenie Folwarku jest bezp\u0142atne na czas trwania czarteru. (parkujemy na polu namiotowym w pobli\u017cu bramy wjazdowej)<\/p>\n<\/div><\/div>\n\n<\/div><\/div>","protected":false},"excerpt":{"rendered":"<p>(WYNAJEM NA MINIMUM TRZY DOBY, PRZED SEZONEM PRZYJMUJEMY TYLKO REZERWACJE CA\u0141OTYGODNIOWE) 27.06 &#8211; 31.08.25 Antila 24 &#8211; 400 z\u0142 \/ doba Antila 24.4 &#8211; 450 z\u0142 \/ doba 18.06 &#8211; 22.06.25 (Bo\u017ce Cia\u0142o) Antila 24 &#8211; 1600 z\u0142 Antila 24.4 &#8211; 2000 z\u0142 W cenie czarteru otrzymujecie Pa\u0144stwo: Op\u0142aty dodatkowe: Pobyt przy kei Folwarku na [&hellip;]<\/p>\n","protected":false},"author":1,"featured_media":0,"parent":0,"menu_order":0,"comment_status":"closed","ping_status":"closed","template":"wp-custom-template-wpis-na-blogu","meta":{"inline_featured_image":false,"_kad_blocks_custom_css":"","_kad_blocks_head_custom_js":"","_kad_blocks_body_custom_js":"","_kad_blocks_footer_custom_js":"","_kadence_starter_templates_imported_post":false,"footnotes":""},"class_list":["post-580","page","type-page","status-publish","hentry"],"featured_image_src_large":false,"author_info":{"display_name":"admin","author_link":"https:\/\/ahojdrawsko.pl\/index.php\/author\/admin\/"},"comment_info":0,"taxonomy_info":[],"_links":{"self":[{"href":"https:\/\/ahojdrawsko.pl\/index.php\/wp-json\/wp\/v2\/pages\/580","targetHints":{"allow":["GET"]}}],"collection":[{"href":"https:\/\/ahojdrawsko.pl\/index.php\/wp-json\/wp\/v2\/pages"}],"about":[{"href":"https:\/\/ahojdrawsko.pl\/index.php\/wp-json\/wp\/v2\/types\/page"}],"author":[{"embeddable":true,"href":"https:\/\/ahojdrawsko.pl\/index.php\/wp-json\/wp\/v2\/users\/1"}],"replies":[{"embeddable":true,"href":"https:\/\/ahojdrawsko.pl\/index.php\/wp-json\/wp\/v2\/comments?post=580"}],"version-history":[{"count":9,"href":"https:\/\/ahojdrawsko.pl\/index.php\/wp-json\/wp\/v2\/pages\/580\/revisions"}],"predecessor-version":[{"id":642,"href":"https:\/\/ahojdrawsko.pl\/index.php\/wp-json\/wp\/v2\/pages\/580\/revisions\/642"}],"wp:attachment":[{"href":"https:\/\/ahojdrawsko.pl\/index.php\/wp-json\/wp\/v2\/media?parent=580"}],"curies":[{"name":"wp","href":"https:\/\/api.w.org\/{rel}","templated":true}]}}